{"id":689,"date":"2020-08-21T06:04:32","date_gmt":"2020-08-21T06:04:32","guid":{"rendered":"https:\/\/giulia.ntfnd.it\/?page_id=689"},"modified":"2023-06-08T11:55:49","modified_gmt":"2023-06-08T09:55:49","slug":"about","status":"publish","type":"page","link":"https:\/\/giulia.ntfnd.it\/?page_id=689","title":{"rendered":"La nostra falegnameria pianta le sue radici nella dedizione di Egisto, un artigiano locale che trasform\u00f2 la passione per il legno in un mestiere. La struttura infatti nasce come una piccola bottega, dove l&#8217;artigiano realizzava scacchiere, taglieri e semplici elementi d&#8217;arredo. Col passare degli anni, Egisto trasmette tutto ci\u00f2 che sapeva ai suoi figli, che oggi gestiscono Dami, la nostra societ\u00e0 su misura!"},"content":{"rendered":"\n<div class=\"wp-block-uagb-container uagb-block-416589d4 alignfull uagb-is-root-container\"><div class=\"uagb-container-inner-blocks-wrap\">\n<div class=\"wp-block-uagb-container uagb-block-8bd72979\">\n<div class=\"wp-block-uagb-image uagb-block-6ff3798d wp-block-uagb-image--layout-default wp-block-uagb-image--effect-static wp-block-uagb-image--align-none\"><figure class=\"wp-block-uagb-image__figure\"><img decoding=\"async\" srcset=\"http:\/\/giulia.ntfnd.it\/wp-content\/uploads\/2019\/12\/office-table.jpg ,http:\/\/giulia.ntfnd.it\/wp-content\/uploads\/2019\/12\/office-table.jpg 780w, http:\/\/giulia.ntfnd.it\/wp-content\/uploads\/2019\/12\/office-table.jpg 360w\" sizes=\"auto, (max-width: 480px) 150px\" src=\"http:\/\/giulia.ntfnd.it\/wp-content\/uploads\/2019\/12\/office-table.jpg\" alt=\"\" class=\"uag-image-256\" width=\"400\" height=\"400\" title=\"\" loading=\"lazy\"\/><\/figure><\/div>\n\n\n\n<div class=\"wp-block-uagb-image uagb-block-3aa418d8 wp-block-uagb-image--layout-default wp-block-uagb-image--effect-static wp-block-uagb-image--align-none\"><figure class=\"wp-block-uagb-image__figure\"><img decoding=\"async\" srcset=\"http:\/\/giulia.ntfnd.it\/wp-content\/uploads\/2019\/12\/bathtub.jpg ,http:\/\/giulia.ntfnd.it\/wp-content\/uploads\/2019\/12\/bathtub.jpg 780w, http:\/\/giulia.ntfnd.it\/wp-content\/uploads\/2019\/12\/bathtub.jpg 360w\" sizes=\"auto, (max-width: 480px) 150px\" src=\"http:\/\/giulia.ntfnd.it\/wp-content\/uploads\/2019\/12\/bathtub.jpg\" alt=\"\" class=\"uag-image-224\" width=\"400\" height=\"400\" title=\"\" loading=\"lazy\"\/><\/figure><\/div>\n\n\n\n<div class=\"wp-block-uagb-image uagb-block-e1aeabf1 wp-block-uagb-image--layout-default wp-block-uagb-image--effect-static wp-block-uagb-image--align-none\"><figure class=\"wp-block-uagb-image__figure\"><img decoding=\"async\" srcset=\"http:\/\/giulia.ntfnd.it\/wp-content\/uploads\/2019\/12\/white-wall.jpg ,http:\/\/giulia.ntfnd.it\/wp-content\/uploads\/2019\/12\/white-wall.jpg 780w, http:\/\/giulia.ntfnd.it\/wp-content\/uploads\/2019\/12\/white-wall.jpg 360w\" sizes=\"auto, (max-width: 480px) 150px\" src=\"http:\/\/giulia.ntfnd.it\/wp-content\/uploads\/2019\/12\/white-wall.jpg\" alt=\"\" class=\"uag-image-223\" width=\"400\" height=\"400\" title=\"\" loading=\"lazy\"\/><\/figure><\/div>\n<\/div>\n\n\n\n<div class=\"wp-block-uagb-container uagb-block-d17b9611\">\n<h2 class=\"wp-block-heading has-text-align-center\">Ogni infisso, porta o complemento d&#8217;arredo che esce dalla nostra struttura, ha vissuto una lunga lavorazione della materia   prima: il legno trattato da noi \u00e8 acquistato e lavorato su misura per garantirvi la durabilit\u00e0 del prodotto per davvero molti anni. Qualit\u00e0 della materia prima e della lavorazione alla base.<\/h2>\n<\/div>\n<\/div><\/div>\n","protected":false},"excerpt":{"rendered":"<p>Ogni infisso, porta o complemento d&#8217;arredo che esce dalla nostra struttura, ha vissuto una lunga lavorazione della materia prima: il legno trattato da noi \u00e8 acquistato e lavorato su misura per garantirvi la durabilit\u00e0 del prodotto per davvero molti anni. Qualit\u00e0 della materia prima e della lavorazione alla base.<\/p>\n","protected":false},"author":1,"featured_media":0,"parent":0,"menu_order":0,"comment_status":"closed","ping_status":"closed","template":"","meta":{"_uag_custom_page_level_css":"","footnotes":""},"class_list":["post-689","page","type-page","status-publish","hentry"],"uagb_featured_image_src":{"full":false,"thumbnail":false,"medium":false,"medium_large":false,"large":false,"1536x1536":false,"2048x2048":false,"twentyseventeen-featured-image":false,"twentyseventeen-thumbnail-avatar":false},"uagb_author_info":{"display_name":"admin","author_link":"https:\/\/giulia.ntfnd.it\/?author=1"},"uagb_comment_info":0,"uagb_excerpt":"Ogni infisso, porta o complemento d&#8217;arredo che esce dalla nostra struttura, ha vissuto una lunga lavorazione della materia prima: il legno trattato da noi \u00e8 acquistato e lavorato su misura per garantirvi la durabilit\u00e0 del prodotto per davvero molti anni. Qualit\u00e0 della materia prima e della lavorazione alla base.","_links":{"self":[{"href":"https:\/\/giulia.ntfnd.it\/index.php?rest_route=\/wp\/v2\/pages\/689","targetHints":{"allow":["GET"]}}],"collection":[{"href":"https:\/\/giulia.ntfnd.it\/index.php?rest_route=\/wp\/v2\/pages"}],"about":[{"href":"https:\/\/giulia.ntfnd.it\/index.php?rest_route=\/wp\/v2\/types\/page"}],"author":[{"embeddable":true,"href":"https:\/\/giulia.ntfnd.it\/index.php?rest_route=\/wp\/v2\/users\/1"}],"replies":[{"embeddable":true,"href":"https:\/\/giulia.ntfnd.it\/index.php?rest_route=%2Fwp%2Fv2%2Fcomments&post=689"}],"version-history":[{"count":4,"href":"https:\/\/giulia.ntfnd.it\/index.php?rest_route=\/wp\/v2\/pages\/689\/revisions"}],"predecessor-version":[{"id":25564,"href":"https:\/\/giulia.ntfnd.it\/index.php?rest_route=\/wp\/v2\/pages\/689\/revisions\/25564"}],"wp:attachment":[{"href":"https:\/\/giulia.ntfnd.it\/index.php?rest_route=%2Fwp%2Fv2%2Fmedia&parent=689"}],"curies":[{"name":"wp","href":"https:\/\/api.w.org\/{rel}","templated":true}]}}